{"id":673,"date":"2026-02-12T20:12:33","date_gmt":"2026-02-12T20:12:33","guid":{"rendered":"https:\/\/tics.voaxaca.tecnm.mx\/?page_id=673"},"modified":"2026-02-12T20:18:14","modified_gmt":"2026-02-12T20:18:14","slug":"visita-a-empresa","status":"publish","type":"page","link":"https:\/\/tics.voaxaca.tecnm.mx\/index.php\/visita-a-empresa\/","title":{"rendered":"VISITA A EMPRESA"},"content":{"rendered":"\n<h1 class=\"wp-block-heading\">PERIODO AGOSTO-DICIEMBRE 2025<\/h1>\n\n\n\n<h2 class=\"wp-block-heading\">Visita a empresa ODOO<\/h2>\n\n\n\n<p>Como parte del programa de visita a empresas del departamento de ciencias econ\u00f3mico administrativas, el 13 de noviembre de 2025 se llev\u00f3 a cabo el Encuentro de estudiantes de ingenier\u00eda en TIC&#8217;s con la empresa ODOO.<\/p>\n\n\n\n<p>Los profesores Eric Ch\u00e1vez Ortiz y Francisco Javier Trujillo L\u00f3pez fungieron como responsables de esta actividad acad\u00e9mica.<\/p>\n\n\n\n<figure class=\"wp-block-gallery has-nested-images columns-default is-cropped wp-block-gallery-1 is-layout-flex wp-block-gallery-is-layout-flex\">\n<figure class=\"wp-block-image size-large\"><img decoding=\"async\" data-id=\"1640\" src=\"https:\/\/informatica.voaxaca.tecnm.mx\/wp-content\/uploads\/2025\/12\/Imagen-de-WhatsApp-2025-11-19-a-las-11.45.24_acad6af7-1000x625.jpg\" alt=\"\" class=\"wp-image-1640\"\/><\/figure>\n\n\n\n<figure class=\"wp-block-image size-large\"><img decoding=\"async\" data-id=\"1641\" src=\"https:\/\/informatica.voaxaca.tecnm.mx\/wp-content\/uploads\/2025\/12\/Imagen-de-WhatsApp-2025-11-19-a-las-11.45.24_f5f06c3e-624x999.jpg\" alt=\"\" class=\"wp-image-1641\"\/><\/figure>\n\n\n\n<figure class=\"wp-block-image size-large\"><img decoding=\"async\" data-id=\"1645\" src=\"https:\/\/informatica.voaxaca.tecnm.mx\/wp-content\/uploads\/2025\/12\/Imagen-de-WhatsApp-2025-11-19-a-las-11.45.23_5abf0ae7-1000x625.jpg\" alt=\"\" class=\"wp-image-1645\"\/><\/figure>\n\n\n\n<figure class=\"wp-block-image size-large\"><img decoding=\"async\" data-id=\"1644\" src=\"https:\/\/informatica.voaxaca.tecnm.mx\/wp-content\/uploads\/2025\/12\/Imagen-de-WhatsApp-2025-11-19-a-las-11.45.23_e704c83c-1000x625.jpg\" alt=\"\" class=\"wp-image-1644\"\/><\/figure>\n\n\n\n<figure class=\"wp-block-image size-large\"><img decoding=\"async\" data-id=\"1646\" src=\"https:\/\/informatica.voaxaca.tecnm.mx\/wp-content\/uploads\/2025\/12\/Imagen-de-WhatsApp-2025-11-13-a-las-09.57.33_eb65f200-1000x563.jpg\" alt=\"\" class=\"wp-image-1646\"\/><\/figure>\n\n\n\n<figure class=\"wp-block-image size-large\"><img decoding=\"async\" data-id=\"1647\" src=\"https:\/\/informatica.voaxaca.tecnm.mx\/wp-content\/uploads\/2025\/12\/Imagen-de-WhatsApp-2025-11-13-a-las-09.57.33_f1c419d8-1000x563.jpg\" alt=\"\" class=\"wp-image-1647\"\/><\/figure>\n\n\n\n<figure class=\"wp-block-image size-large\"><img decoding=\"async\" data-id=\"1648\" src=\"https:\/\/informatica.voaxaca.tecnm.mx\/wp-content\/uploads\/2025\/12\/Imagen-de-WhatsApp-2025-11-13-a-las-10.12.52_13a85811-1000x563.jpg\" alt=\"\" class=\"wp-image-1648\"\/><\/figure>\n<\/figure>\n\n\n\n<h2 class=\"wp-block-heading\">VISITA A EMPRESA ADVANCED CONSULTING GROUP &#8211; PUEBLA<\/h2>\n\n\n\n<p>Dentro del programa de Visitas a Empresas Agosto &#8211; Diciembre 2025 se realiz\u00f3 una visita a la empresa: Advanced Consulting Group con sede en Puebla.<\/p>\n\n\n\n<p>El d\u00eda 12 de diciembre de 2025 los estudiantes de la carrera de ingenier\u00eda en TIC\u00b4S asistieron a la visita a la empresa, como parte de una actividad, a cargo de los docentes Eric Ch\u00e1vez Ortiz y Francisco Javier Trujillo L\u00f3pez .<\/p>\n\n\n\n<figure class=\"wp-block-gallery has-nested-images columns-default is-cropped wp-block-gallery-2 is-layout-flex wp-block-gallery-is-layout-flex\">\n<figure class=\"wp-block-image size-large\"><img decoding=\"async\" data-id=\"1654\" src=\"https:\/\/informatica.voaxaca.tecnm.mx\/wp-content\/uploads\/2025\/12\/Imagen-de-WhatsApp-2025-11-19-a-las-11.45.25_7a11bac8-1000x625.jpg\" alt=\"\" class=\"wp-image-1654\"\/><\/figure>\n\n\n\n<figure class=\"wp-block-image size-large\"><img decoding=\"async\" data-id=\"1656\" src=\"https:\/\/informatica.voaxaca.tecnm.mx\/wp-content\/uploads\/2025\/12\/Imagen-de-WhatsApp-2025-11-19-a-las-11.45.25_042df7ab-1000x625.jpg\" alt=\"\" class=\"wp-image-1656\"\/><\/figure>\n\n\n\n<figure class=\"wp-block-image size-large\"><img decoding=\"async\" data-id=\"1655\" src=\"https:\/\/informatica.voaxaca.tecnm.mx\/wp-content\/uploads\/2025\/12\/Imagen-de-WhatsApp-2025-11-19-a-las-11.45.25_ded83174-1000x750.jpg\" alt=\"\" class=\"wp-image-1655\"\/><\/figure>\n\n\n\n<figure class=\"wp-block-image size-large\"><img decoding=\"async\" data-id=\"1658\" src=\"https:\/\/informatica.voaxaca.tecnm.mx\/wp-content\/uploads\/2025\/12\/Imagen-de-WhatsApp-2025-11-13-a-las-09.57.35_ee350438-1000x563.jpg\" alt=\"\" class=\"wp-image-1658\"\/><\/figure>\n\n\n\n<figure class=\"wp-block-image size-large\"><img decoding=\"async\" data-id=\"1657\" src=\"https:\/\/informatica.voaxaca.tecnm.mx\/wp-content\/uploads\/2025\/12\/Imagen-de-WhatsApp-2025-11-13-a-las-09.57.36_d29c6711-1000x563.jpg\" alt=\"\" class=\"wp-image-1657\"\/><\/figure>\n<\/figure>\n\n\n\n<p>&nbsp;<\/p>\n\n\n\n<h1 class=\"wp-block-heading has-text-align-center\">PERIODO ENERO-JUNIO 2025<\/h1>\n\n\n\n<h2 class=\"wp-block-heading has-text-align-left\">VISITA A EMPRESA \u00a8TELET\u00d3N  DE OAXACA\u00a8<\/h2>\n\n\n\n<p class=\"has-text-align-left\">El d\u00eda 19 de febrero del 2025  los alumnos del Primer semestre de la carrera de ingenier\u00eda en Ciencia de Datos, realizaron una visita al TELET\u00d3N de OAXACA  con el DR.  FLAVIO DE JES\u00daS CASTILLO SILVA, asistieron 5 chicos de INGENIER\u00cdA EN CIENCIA DE DATOS, que fueron atendidos por  la DRA. TERESA HAMDAN ESQUIVEL en un recorrido por las instalaciones, dentro de las actividades de la materia de Taller de \u00c9tica.<\/p>\n\n\n\n<figure class=\"wp-block-gallery has-nested-images columns-default is-cropped wp-block-gallery-3 is-layout-flex wp-block-gallery-is-layout-flex\">\n<figure class=\"wp-block-image size-large\"><img decoding=\"async\" data-id=\"1351\" src=\"https:\/\/informatica.voaxaca.tecnm.mx\/wp-content\/uploads\/2025\/02\/WhatsApp-Image-2025-02-19-at-9.10.01-AM-1000x750.jpeg\" alt=\"\" class=\"wp-image-1351\"\/><\/figure>\n\n\n\n<figure class=\"wp-block-image size-large\"><img decoding=\"async\" data-id=\"1349\" src=\"https:\/\/informatica.voaxaca.tecnm.mx\/wp-content\/uploads\/2025\/02\/WhatsApp-Image-2025-02-19-at-9.10.02-AM-1-1000x750.jpeg\" alt=\"\" class=\"wp-image-1349\"\/><\/figure>\n\n\n\n<figure class=\"wp-block-image size-large\"><img decoding=\"async\" data-id=\"1355\" src=\"https:\/\/informatica.voaxaca.tecnm.mx\/wp-content\/uploads\/2025\/02\/WhatsApp-Image-2025-02-19-at-9.10.02-AM-1000x750.jpeg\" alt=\"\" class=\"wp-image-1355\"\/><\/figure>\n\n\n\n<figure class=\"wp-block-image size-large\"><img decoding=\"async\" data-id=\"1350\" src=\"https:\/\/informatica.voaxaca.tecnm.mx\/wp-content\/uploads\/2025\/02\/WhatsApp-Image-2025-02-19-at-10.39.14-AM-1000x750.jpeg\" alt=\"\" class=\"wp-image-1350\"\/><\/figure>\n\n\n\n<figure class=\"wp-block-image size-large\"><img decoding=\"async\" data-id=\"1352\" src=\"https:\/\/informatica.voaxaca.tecnm.mx\/wp-content\/uploads\/2025\/02\/WhatsApp-Image-2025-02-19-at-10.39.16-AM-1000x750.jpeg\" alt=\"\" class=\"wp-image-1352\"\/><\/figure>\n\n\n\n<figure class=\"wp-block-image size-large\"><img decoding=\"async\" data-id=\"1353\" src=\"https:\/\/informatica.voaxaca.tecnm.mx\/wp-content\/uploads\/2025\/02\/WhatsApp-Image-2025-02-19-at-10.39.21-AM-1000x750.jpeg\" alt=\"\" class=\"wp-image-1353\"\/><\/figure>\n\n\n\n<figure class=\"wp-block-image size-large\"><img decoding=\"async\" data-id=\"1354\" src=\"https:\/\/informatica.voaxaca.tecnm.mx\/wp-content\/uploads\/2025\/02\/WhatsApp-Image-2025-02-19-at-10.39.25-AM-1000x750.jpeg\" alt=\"\" class=\"wp-image-1354\"\/><\/figure>\n<\/figure>\n\n\n\n<h1 class=\"wp-block-heading has-text-align-center\">PERIODO ENERO-JUNIO 2024<\/h1>\n\n\n\n<h2 class=\"wp-block-heading\">Visita Acad\u00e9mica a Puebla<\/h2>\n\n\n\n<p><strong> Grupo 4A de Ingenier\u00eda Inform\u00e1tica<\/strong><\/p>\n\n\n\n<p>asistieron el profe erick chavez y fransisco javir El grupo 4A de la carrera de Ingenier\u00eda Inform\u00e1tica del Instituto Tecnol\u00f3gico del Valle de Oaxaca (ITVO) realiz\u00f3 una visita acad\u00e9mica a la ciudad de Puebla con el prop\u00f3sito de asistir a una pl\u00e1tica especializada sobre fibra \u00f3ptica y el funcionamiento del anillo de red OT-IT. Esta experiencia permiti\u00f3 a los alumnos reforzar sus conocimientos te\u00f3ricos con informaci\u00f3n actualizada y aplicada en el campo de las telecomunicaciones.<\/p>\n\n\n\n<figure class=\"wp-block-gallery has-nested-images columns-default is-cropped wp-block-gallery-4 is-layout-flex wp-block-gallery-is-layout-flex\">\n<figure class=\"wp-block-image size-large\"><img decoding=\"async\" data-id=\"1469\" src=\"https:\/\/informatica.voaxaca.tecnm.mx\/wp-content\/uploads\/2025\/05\/WhatsApp-Image-2025-05-08-at-1.17.50-PM-1-749x999.jpeg\" alt=\"\" class=\"wp-image-1469\"\/><\/figure>\n\n\n\n<figure class=\"wp-block-image size-large\"><img decoding=\"async\" data-id=\"1470\" src=\"https:\/\/informatica.voaxaca.tecnm.mx\/wp-content\/uploads\/2025\/05\/WhatsApp-Image-2025-05-08-at-1.17.50-PM-749x999.jpeg\" alt=\"\" class=\"wp-image-1470\"\/><\/figure>\n\n\n\n<figure class=\"wp-block-image size-large\"><img decoding=\"async\" data-id=\"1471\" src=\"https:\/\/informatica.voaxaca.tecnm.mx\/wp-content\/uploads\/2025\/05\/WhatsApp-Image-2025-05-08-at-1.17.51-PM-1-1000x563.jpeg\" alt=\"\" class=\"wp-image-1471\"\/><\/figure>\n<\/figure>\n\n\n\n<h2 class=\"wp-block-heading\"><strong>Visita acad\u00e9mica al CIDETEC del IPN<\/strong><\/h2>\n\n\n\n<p>El d\u00eda <strong>9 de mayo de 2025<\/strong>, el profesor <strong>Favio de Jes\u00fas Castilla Silva<\/strong>, del Instituto Tecnol\u00f3gico del Valle de Oaxaca (ITVO), acompa\u00f1\u00f3 a un grupo de estudiantes de la carrera de <strong>Ingenier\u00eda en Tecnolog\u00edas de la Informaci\u00f3n y Comunicaciones (TIC\u2019s)<\/strong> a una visita acad\u00e9mica al <strong>Centro de Innovaci\u00f3n y Desarrollo Tecnol\u00f3gico en C\u00f3mputo (CIDETEC)<\/strong>, perteneciente al <strong>Instituto Polit\u00e9cnico Nacional (IPN)<\/strong>, ubicado en la <strong>Ciudad de M\u00e9xico<\/strong>.<\/p>\n\n\n\n<p>Esta visita tuvo como prop\u00f3sito fortalecer los conocimientos te\u00f3ricos adquiridos en el aula, mediante el acercamiento directo a espacios especializados en innovaci\u00f3n, desarrollo e investigaci\u00f3n tecnol\u00f3gica, promoviendo as\u00ed la vinculaci\u00f3n acad\u00e9mica con instituciones de alto prestigio a nivel nacional.<\/p>\n\n\n\n<figure class=\"wp-block-gallery has-nested-images columns-default is-cropped wp-block-gallery-5 is-layout-flex wp-block-gallery-is-layout-flex\">\n<figure class=\"wp-block-image size-large\"><img decoding=\"async\" data-id=\"1479\" src=\"https:\/\/informatica.voaxaca.tecnm.mx\/wp-content\/uploads\/2025\/05\/WhatsApp-Image-2025-05-20-at-5.06.26-PM-1-1000x750.jpeg\" alt=\"\" class=\"wp-image-1479\"\/><\/figure>\n\n\n\n<figure class=\"wp-block-image size-large\"><img decoding=\"async\" data-id=\"1480\" src=\"https:\/\/informatica.voaxaca.tecnm.mx\/wp-content\/uploads\/2025\/05\/WhatsApp-Image-2025-05-20-at-5.06.26-PM-2-1000x750.jpeg\" alt=\"\" class=\"wp-image-1480\"\/><\/figure>\n\n\n\n<figure class=\"wp-block-image size-large\"><img decoding=\"async\" data-id=\"1481\" src=\"https:\/\/informatica.voaxaca.tecnm.mx\/wp-content\/uploads\/2025\/05\/WhatsApp-Image-2025-05-20-at-5.06.26-PM-3-749x999.jpeg\" alt=\"\" class=\"wp-image-1481\"\/><\/figure>\n\n\n\n<figure class=\"wp-block-image size-large\"><img decoding=\"async\" data-id=\"1482\" src=\"https:\/\/informatica.voaxaca.tecnm.mx\/wp-content\/uploads\/2025\/05\/WhatsApp-Image-2025-05-20-at-5.06.26-PM-1000x750.jpeg\" alt=\"\" class=\"wp-image-1482\"\/><\/figure>\n<\/figure>\n\n\n\n<h2 class=\"wp-block-heading\">Visita Acad\u00e9mica a Ciudad Administrativa \u2013 Ingenier\u00eda Inform\u00e1tica<\/h2>\n\n\n\n<p>En cumplimiento del oficio n\u00famero <strong>DCEA\/0226\/2025<\/strong>, por el cual se me asign\u00f3 la comisi\u00f3n para realizar una <strong>visita t\u00e9cnica<\/strong>, informo que dicha actividad se llev\u00f3 a cabo el d\u00eda <strong>7 de mayo de 2025<\/strong> en las instalaciones de <strong>Ciudad Administrativa<\/strong>, ubicadas en el <strong>Edificio 8<\/strong>, sobre la <strong>Carretera Internacional, San Miguel 2da Secci\u00f3n, Tlalixtac de Cabrera, Oaxaca, C.P. 68270<\/strong>.<\/p>\n\n\n\n<p>La visita fue realizada en conjunto con el <strong>profesor Samuel Jerson Gallardo Alc\u00e1ntara<\/strong>, y tuvo como objetivo reforzar los conocimientos pr\u00e1cticos correspondientes a la materia de <strong>Redes de Computadoras<\/strong>. Estuvo dirigida a los estudiantes del <strong>cuarto semestre, grupo A<\/strong>, de la carrera de <strong>Ingenier\u00eda Inform\u00e1tica<\/strong>. Durante la actividad, los alumnos pudieron observar el funcionamiento de las redes en un entorno institucional, favoreciendo as\u00ed su formaci\u00f3n profesional.<\/p>\n\n\n\n<figure class=\"wp-block-gallery has-nested-images columns-default is-cropped wp-block-gallery-6 is-layout-flex wp-block-gallery-is-layout-flex\">\n<figure class=\"wp-block-image size-large\"><img decoding=\"async\" data-id=\"1483\" src=\"https:\/\/informatica.voaxaca.tecnm.mx\/wp-content\/uploads\/2025\/05\/WhatsApp-Image-2025-05-20-at-5.03.25-PM-1-1000x750.jpeg\" alt=\"\" class=\"wp-image-1483\"\/><\/figure>\n\n\n\n<figure class=\"wp-block-image size-large\"><img decoding=\"async\" data-id=\"1484\" src=\"https:\/\/informatica.voaxaca.tecnm.mx\/wp-content\/uploads\/2025\/05\/WhatsApp-Image-2025-05-20-at-5.03.25-PM-2-1000x750.jpeg\" alt=\"\" class=\"wp-image-1484\"\/><\/figure>\n\n\n\n<figure class=\"wp-block-image size-large\"><img decoding=\"async\" data-id=\"1485\" src=\"https:\/\/informatica.voaxaca.tecnm.mx\/wp-content\/uploads\/2025\/05\/WhatsApp-Image-2025-05-20-at-5.03.25-PM-1000x750.jpeg\" alt=\"\" class=\"wp-image-1485\"\/><\/figure>\n\n\n\n<figure class=\"wp-block-image size-large\"><img decoding=\"async\" data-id=\"1486\" src=\"https:\/\/informatica.voaxaca.tecnm.mx\/wp-content\/uploads\/2025\/05\/WhatsApp-Image-2025-05-20-at-5.03.26-PM-1000x447.jpeg\" alt=\"\" class=\"wp-image-1486\"\/><\/figure>\n<\/figure>\n\n\n\n<h2 class=\"wp-block-heading\">2da. Visita a empresas<\/h2>\n\n\n\n<p>Como parte de las actividades acad\u00e9micas, se llevo a cabo el d\u00eda 03 de abril del 2025, los estudiantes del cuarto semestre de la carrera de Ingenier\u00eda en Tecnolog\u00edas de la Informaci\u00f3n y Comunicaciones realizaron una visita a diferentes empresas ubicadas en la Ciudad Administrativa. Durante el recorrido, pudieron conocer de cerca el funcionamiento de los sistemas tecnol\u00f3gicos utilizados en el \u00e1mbito laboral, as\u00ed como reforzar los conocimientos adquiridos en clase. Esta experiencia les permiti\u00f3 visualizar nuevas oportunidades para su desarrollo profesional.<\/p>\n\n\n\n<figure class=\"wp-block-gallery has-nested-images columns-default is-cropped wp-block-gallery-7 is-layout-flex wp-block-gallery-is-layout-flex\">\n<figure class=\"wp-block-image size-large\"><img loading=\"lazy\" decoding=\"async\" width=\"461\" height=\"1024\" data-id=\"590\" src=\"https:\/\/tics.voaxaca.tecnm.mx\/wp-content\/uploads\/2025\/04\/WhatsApp-Image-2025-04-03-at-1.07.02-PM-461x1024.jpeg\" alt=\"\" class=\"wp-image-590\" srcset=\"https:\/\/tics.voaxaca.tecnm.mx\/wp-content\/uploads\/2025\/04\/WhatsApp-Image-2025-04-03-at-1.07.02-PM-461x1024.jpeg 461w, https:\/\/tics.voaxaca.tecnm.mx\/wp-content\/uploads\/2025\/04\/WhatsApp-Image-2025-04-03-at-1.07.02-PM-135x300.jpeg 135w, https:\/\/tics.voaxaca.tecnm.mx\/wp-content\/uploads\/2025\/04\/WhatsApp-Image-2025-04-03-at-1.07.02-PM-691x1536.jpeg 691w, https:\/\/tics.voaxaca.tecnm.mx\/wp-content\/uploads\/2025\/04\/WhatsApp-Image-2025-04-03-at-1.07.02-PM.jpeg 720w\" sizes=\"auto, (max-width: 461px) 100vw, 461px\" \/><\/figure>\n\n\n\n<figure class=\"wp-block-image size-large\"><img loading=\"lazy\" decoding=\"async\" width=\"719\" height=\"1600\" data-id=\"595\" src=\"https:\/\/tics.voaxaca.tecnm.mx\/wp-content\/uploads\/2025\/04\/WhatsApp-Image-2025-04-03-at-11.00.06-AM-edited.jpeg\" alt=\"\" class=\"wp-image-595\" srcset=\"https:\/\/tics.voaxaca.tecnm.mx\/wp-content\/uploads\/2025\/04\/WhatsApp-Image-2025-04-03-at-11.00.06-AM-edited.jpeg 719w, https:\/\/tics.voaxaca.tecnm.mx\/wp-content\/uploads\/2025\/04\/WhatsApp-Image-2025-04-03-at-11.00.06-AM-edited-135x300.jpeg 135w, https:\/\/tics.voaxaca.tecnm.mx\/wp-content\/uploads\/2025\/04\/WhatsApp-Image-2025-04-03-at-11.00.06-AM-edited-460x1024.jpeg 460w, https:\/\/tics.voaxaca.tecnm.mx\/wp-content\/uploads\/2025\/04\/WhatsApp-Image-2025-04-03-at-11.00.06-AM-edited-690x1536.jpeg 690w\" sizes=\"auto, (max-width: 719px) 100vw, 719px\" \/><\/figure>\n\n\n\n<figure class=\"wp-block-image size-large\"><img loading=\"lazy\" decoding=\"async\" width=\"520\" height=\"1156\" data-id=\"596\" src=\"https:\/\/tics.voaxaca.tecnm.mx\/wp-content\/uploads\/2025\/04\/WhatsApp-Image-2025-04-03-at-11.00.07-AM-edited.jpeg\" alt=\"\" class=\"wp-image-596\" srcset=\"https:\/\/tics.voaxaca.tecnm.mx\/wp-content\/uploads\/2025\/04\/WhatsApp-Image-2025-04-03-at-11.00.07-AM-edited.jpeg 520w, https:\/\/tics.voaxaca.tecnm.mx\/wp-content\/uploads\/2025\/04\/WhatsApp-Image-2025-04-03-at-11.00.07-AM-edited-135x300.jpeg 135w, https:\/\/tics.voaxaca.tecnm.mx\/wp-content\/uploads\/2025\/04\/WhatsApp-Image-2025-04-03-at-11.00.07-AM-edited-461x1024.jpeg 461w\" sizes=\"auto, (max-width: 520px) 100vw, 520px\" \/><\/figure>\n\n\n\n<figure class=\"wp-block-image size-large\"><img loading=\"lazy\" decoding=\"async\" width=\"1024\" height=\"461\" data-id=\"593\" src=\"https:\/\/tics.voaxaca.tecnm.mx\/wp-content\/uploads\/2025\/04\/WhatsApp-Image-2025-04-03-at-12.48.29-PM-1024x461.jpeg\" alt=\"\" class=\"wp-image-593\" srcset=\"https:\/\/tics.voaxaca.tecnm.mx\/wp-content\/uploads\/2025\/04\/WhatsApp-Image-2025-04-03-at-12.48.29-PM-1024x461.jpeg 1024w, https:\/\/tics.voaxaca.tecnm.mx\/wp-content\/uploads\/2025\/04\/WhatsApp-Image-2025-04-03-at-12.48.29-PM-300x135.jpeg 300w, https:\/\/tics.voaxaca.tecnm.mx\/wp-content\/uploads\/2025\/04\/WhatsApp-Image-2025-04-03-at-12.48.29-PM-768x346.jpeg 768w, https:\/\/tics.voaxaca.tecnm.mx\/wp-content\/uploads\/2025\/04\/WhatsApp-Image-2025-04-03-at-12.48.29-PM-1536x691.jpeg 1536w, https:\/\/tics.voaxaca.tecnm.mx\/wp-content\/uploads\/2025\/04\/WhatsApp-Image-2025-04-03-at-12.48.29-PM.jpeg 1600w\" sizes=\"auto, (max-width: 1024px) 100vw, 1024px\" \/><\/figure>\n<\/figure>\n\n\n\n<h1 class=\"wp-block-heading\">PERIODO AGOSTO-DICIEMBRE 2024<\/h1>\n\n\n\n<h2 class=\"wp-block-heading\">Visita a empresa IBM Guadalajara<\/h2>\n\n\n\n<p>El d\u00eda 30 de septiembre del 2024, a cargo del profesor Carlos Enrique Morales Bautista, se llevo a cabo una visita virtual por parte de los alumnos del primer semestre, grupo B, de la carrera de ingenier\u00eda inform\u00e1tica, a la empresa IBM\/Planta Guadalajara, con un total de asistencia de 20 alumnos.<\/p>\n\n\n\n<figure class=\"wp-block-gallery has-nested-images columns-3 is-cropped wp-block-gallery-8 is-layout-flex wp-block-gallery-is-layout-flex\">\n<figure class=\"wp-block-image size-large\"><img decoding=\"async\" data-id=\"1275\" src=\"https:\/\/informatica.voaxaca.tecnm.mx\/wp-content\/uploads\/2024\/10\/WhatsApp-Image-2024-09-30-at-1.18.17-PM-1000x450.jpeg\" alt=\"\" class=\"wp-image-1275\"\/><\/figure>\n\n\n\n<figure class=\"wp-block-image size-large\"><img decoding=\"async\" data-id=\"1274\" src=\"https:\/\/informatica.voaxaca.tecnm.mx\/wp-content\/uploads\/2024\/10\/WhatsApp-Image-2024-09-30-at-1.18.17-PM-1-1000x449.jpeg\" alt=\"\" class=\"wp-image-1274\"\/><\/figure>\n\n\n\n<figure class=\"wp-block-image size-large\"><img decoding=\"async\" data-id=\"1273\" src=\"https:\/\/informatica.voaxaca.tecnm.mx\/wp-content\/uploads\/2024\/10\/WhatsApp-Image-2024-09-30-at-1.18.18-PM-1000x449.jpeg\" alt=\"\" class=\"wp-image-1273\"\/><\/figure>\n<\/figure>\n\n\n\n<h1 class=\"wp-block-heading\">PERIODO ENERO-JUNIO 2024<\/h1>\n\n\n\n<h2 class=\"wp-block-heading\">VISITA A EMPRESA FUNDACI\u00d3N ACERC\u00c1NDOTE AL UNIVERSO<\/h2>\n\n\n\n<p>Como parte del programa de visita a empresas del departamento de ciencias econ\u00f3mico administrativas, se llev\u00f3 a cabo el Encuentro de estudiantes de ingenier\u00eda inform\u00e1tica con especialistas de la Fundaci\u00f3n Acerc\u00e1ndote al Universo, con t\u00f3picos en software satelital para la comunicaci\u00f3n de sat\u00e9lites y estaciones terrenas.<\/p>\n\n\n\n<p>El Dr Flavio de Jes\u00fas Castillo Silva titular de la materia de Taller de Investigaci\u00f3n II, fungi\u00f3 como responsable de esta actividad acad\u00e9mica.<\/p>\n\n\n\n<figure class=\"wp-block-gallery has-nested-images columns-4 is-cropped wp-block-gallery-9 is-layout-flex wp-block-gallery-is-layout-flex\">\n<figure class=\"wp-block-image size-large\"><img decoding=\"async\" data-id=\"1143\" src=\"https:\/\/informatica.voaxaca.tecnm.mx\/wp-content\/uploads\/2024\/04\/WhatsApp-Image-2024-04-22-at-8.31.31-AM-2-1000x779.jpeg\" alt=\"\" class=\"wp-image-1143\"\/><\/figure>\n\n\n\n<figure class=\"wp-block-image size-large\"><img decoding=\"async\" data-id=\"1147\" src=\"https:\/\/informatica.voaxaca.tecnm.mx\/wp-content\/uploads\/2024\/04\/WhatsApp-Image-2024-04-22-at-8.31.31-AM-1000x750.jpeg\" alt=\"\" class=\"wp-image-1147\"\/><\/figure>\n\n\n\n<figure class=\"wp-block-image size-large\"><img decoding=\"async\" data-id=\"1145\" src=\"https:\/\/informatica.voaxaca.tecnm.mx\/wp-content\/uploads\/2024\/04\/WhatsApp-Image-2024-04-22-at-8.31.31-AM-4-749x999.jpeg\" alt=\"\" class=\"wp-image-1145\"\/><\/figure>\n\n\n\n<figure class=\"wp-block-image size-large\"><img decoding=\"async\" data-id=\"1146\" src=\"https:\/\/informatica.voaxaca.tecnm.mx\/wp-content\/uploads\/2024\/04\/WhatsApp-Image-2024-04-22-at-8.31.31-AM-5-749x999.jpeg\" alt=\"\" class=\"wp-image-1146\"\/><\/figure>\n<\/figure>\n\n\n\n<h2 class=\"wp-block-heading\">VISITA A EMPRESA YAKULT<\/h2>\n\n\n\n<p>Dentro del programa de Visitas a Empresas Enero-Junio 2024 se realiz\u00f3 una visita a la empresa: YAKULT con sede en M\u00e9xico-Ixtapaluca<\/p>\n\n\n\n<p>El d\u00eda 19 de Abril de 2024 los estudiantes de la carrera de ingenier\u00eda inform\u00e1tica y TIC\u00b4S asistieron a la visita a la empresa: YAKULT en M\u00e9xico-Ixtapaluca, como parte de una actividad, a cargo de los docentes Claudia Victoria Santiago Salinas y Carlos Enrique Morales Bautista.<\/p>\n\n\n\n<figure class=\"wp-block-gallery has-nested-images columns-3 is-cropped wp-block-gallery-10 is-layout-flex wp-block-gallery-is-layout-flex\">\n<figure class=\"wp-block-image size-large\"><img decoding=\"async\" data-id=\"1132\" src=\"https:\/\/informatica.voaxaca.tecnm.mx\/wp-content\/uploads\/2024\/04\/WhatsApp-Image-2024-04-19-at-1.51.23-PM-1000x562.jpeg\" alt=\"\" class=\"wp-image-1132\"\/><\/figure>\n\n\n\n<figure class=\"wp-block-image size-large\"><img decoding=\"async\" data-id=\"1133\" src=\"https:\/\/informatica.voaxaca.tecnm.mx\/wp-content\/uploads\/2024\/04\/WhatsApp-Image-2024-04-19-at-1.54.27-PM-1000x562.jpeg\" alt=\"\" class=\"wp-image-1133\"\/><\/figure>\n\n\n\n<figure class=\"wp-block-image size-large\"><img decoding=\"async\" data-id=\"1134\" src=\"https:\/\/informatica.voaxaca.tecnm.mx\/wp-content\/uploads\/2024\/04\/WhatsApp-Image-2024-04-19-at-1.54.32-PM-1000x450.jpeg\" alt=\"\" class=\"wp-image-1134\"\/><\/figure>\n<\/figure>\n\n\n\n<h2 class=\"wp-block-heading\">Infomatrix 2024<\/h2>\n\n\n\n<p>Docentes del ITVO participan como jurados en esta competencia estudiantil.<\/p>\n\n\n\n<p>Estudiantes y tutores participan como visita a empresas en esta misma jornada. En SOLACYT, el objetivo es impulsar la excelencia acad\u00e9mica y fomentar el inter\u00e9s de los estudiantes en los campos de la ciencia y la tecnolog\u00eda. Estamos convencidos de que la experiencia y los conocimientos del maestro ser\u00edan un valioso aporte para el \u00e9xito y la calidad del evento. El compromiso del ITVO con la educaci\u00f3n de calidad es ampliamente reconocido, y confiamos en que la&nbsp; contribuci\u00f3n de nuestros maestros como Jurados ser\u00e1 altamente beneficiosa para los participantes y el evento en general.<\/p>\n\n\n\n<figure class=\"wp-block-gallery has-nested-images columns-2 is-cropped wp-block-gallery-11 is-layout-flex wp-block-gallery-is-layout-flex\">\n<figure class=\"wp-block-image size-large\"><img decoding=\"async\" data-id=\"1030\" src=\"https:\/\/informatica.voaxaca.tecnm.mx\/wp-content\/uploads\/2024\/03\/WhatsApp-Image-2024-03-10-at-1.36.48-PM-3-e1710112476555.jpeg\" alt=\"\" class=\"wp-image-1030\"\/><\/figure>\n\n\n\n<figure class=\"wp-block-image size-large\"><img decoding=\"async\" data-id=\"968\" src=\"https:\/\/informatica.voaxaca.tecnm.mx\/wp-content\/uploads\/2024\/03\/WhatsApp-Image-2024-03-03-at-10.00.52-AM-1-3-1000x750.jpeg\" alt=\"\" class=\"wp-image-968\"\/><\/figure>\n<\/figure>\n\n\n\n<h1 class=\"wp-block-heading\">&nbsp;<\/h1>\n\n\n\n<p>&nbsp;<\/p>\n","protected":false},"excerpt":{"rendered":"<p>PERIODO AGOSTO-DICIEMBRE 2025 Visita a empresa ODOO Como parte del programa de visita a empresas del departamento de ciencias econ\u00f3mico administrativas, el 13 de noviembre de 2025 se llev\u00f3 a [&hellip;]<\/p>\n","protected":false},"author":2,"featured_media":0,"parent":0,"menu_order":0,"comment_status":"closed","ping_status":"closed","template":"","meta":{"footnotes":""},"class_list":["post-673","page","type-page","status-publish","hentry"],"_links":{"self":[{"href":"https:\/\/tics.voaxaca.tecnm.mx\/index.php\/wp-json\/wp\/v2\/pages\/673","targetHints":{"allow":["GET"]}}],"collection":[{"href":"https:\/\/tics.voaxaca.tecnm.mx\/index.php\/wp-json\/wp\/v2\/pages"}],"about":[{"href":"https:\/\/tics.voaxaca.tecnm.mx\/index.php\/wp-json\/wp\/v2\/types\/page"}],"author":[{"embeddable":true,"href":"https:\/\/tics.voaxaca.tecnm.mx\/index.php\/wp-json\/wp\/v2\/users\/2"}],"replies":[{"embeddable":true,"href":"https:\/\/tics.voaxaca.tecnm.mx\/index.php\/wp-json\/wp\/v2\/comments?post=673"}],"version-history":[{"count":3,"href":"https:\/\/tics.voaxaca.tecnm.mx\/index.php\/wp-json\/wp\/v2\/pages\/673\/revisions"}],"predecessor-version":[{"id":677,"href":"https:\/\/tics.voaxaca.tecnm.mx\/index.php\/wp-json\/wp\/v2\/pages\/673\/revisions\/677"}],"wp:attachment":[{"href":"https:\/\/tics.voaxaca.tecnm.mx\/index.php\/wp-json\/wp\/v2\/media?parent=673"}],"curies":[{"name":"wp","href":"https:\/\/api.w.org\/{rel}","templated":true}]}}