{"id":584,"date":"2025-04-01T22:34:52","date_gmt":"2025-04-01T22:34:52","guid":{"rendered":"https:\/\/tics.voaxaca.tecnm.mx\/?page_id=584"},"modified":"2025-04-07T23:00:08","modified_gmt":"2025-04-07T23:00:08","slug":"residencia-profesional-titulacion","status":"publish","type":"page","link":"https:\/\/tics.voaxaca.tecnm.mx\/index.php\/residencia-profesional-titulacion\/","title":{"rendered":"Residencia Profesional\/ Titulaci\u00f3n"},"content":{"rendered":"\n<p>Si eres estudiante pr\u00f3ximo a realizar la residencia Profesional, consulta y revisa el siguiente enlace.<\/p>\n\n\n\n<figure class=\"wp-block-embed is-type-wp-embed is-provider-divisi-n-de-estudios-profesionales wp-block-embed-divisi-n-de-estudios-profesionales\"><div class=\"wp-block-embed__wrapper\">\n<blockquote class=\"wp-embedded-content\" data-secret=\"7mrz5104Gj\"><a href=\"https:\/\/dep.voaxaca.tecnm.mx\/residencia-profesional\/\">Residencia Profesional<\/a><\/blockquote><iframe loading=\"lazy\" class=\"wp-embedded-content\" sandbox=\"allow-scripts\" security=\"restricted\" style=\"position: absolute; visibility: hidden;\" title=\"&#8220;Residencia Profesional&#8221; &#8212; Divisi\u00f3n de Estudios Profesionales\" src=\"https:\/\/dep.voaxaca.tecnm.mx\/residencia-profesional\/embed\/#?secret=doZiCqCD4o#?secret=7mrz5104Gj\" data-secret=\"7mrz5104Gj\" width=\"600\" height=\"338\" frameborder=\"0\" marginwidth=\"0\" marginheight=\"0\" scrolling=\"no\"><\/iframe>\n<\/div><\/figure>\n\n\n\n<p>Si eres estudiante pr\u00f3ximo a realizar tu proceso de Titulaci\u00f3n Integral, consulta y revisa el siguiente enlace.<\/p>\n\n\n\n<figure class=\"wp-block-embed is-type-wp-embed is-provider-divisi-n-de-estudios-profesionales wp-block-embed-divisi-n-de-estudios-profesionales\"><div class=\"wp-block-embed__wrapper\">\n<blockquote class=\"wp-embedded-content\" data-secret=\"ZM68hextdK\"><a href=\"https:\/\/dep.voaxaca.tecnm.mx\/titulacion-integral\/\">Titulaci\u00f3n Integral<\/a><\/blockquote><iframe loading=\"lazy\" class=\"wp-embedded-content\" sandbox=\"allow-scripts\" security=\"restricted\" style=\"position: absolute; visibility: hidden;\" title=\"&#8220;Titulaci\u00f3n Integral&#8221; &#8212; Divisi\u00f3n de Estudios Profesionales\" src=\"https:\/\/dep.voaxaca.tecnm.mx\/titulacion-integral\/embed\/#?secret=idyyOqvjfI#?secret=ZM68hextdK\" data-secret=\"ZM68hextdK\" width=\"600\" height=\"338\" frameborder=\"0\" marginwidth=\"0\" marginheight=\"0\" scrolling=\"no\"><\/iframe>\n<\/div><\/figure>\n","protected":false},"excerpt":{"rendered":"<p>Si eres estudiante pr\u00f3ximo a realizar la residencia Profesional, consulta y revisa el siguiente enlace. Si eres estudiante pr\u00f3ximo a realizar tu proceso de Titulaci\u00f3n Integral, consulta y revisa el [&hellip;]<\/p>\n","protected":false},"author":2,"featured_media":0,"parent":0,"menu_order":0,"comment_status":"closed","ping_status":"closed","template":"","meta":{"footnotes":""},"class_list":["post-584","page","type-page","status-publish","hentry"],"_links":{"self":[{"href":"https:\/\/tics.voaxaca.tecnm.mx\/index.php\/wp-json\/wp\/v2\/pages\/584","targetHints":{"allow":["GET"]}}],"collection":[{"href":"https:\/\/tics.voaxaca.tecnm.mx\/index.php\/wp-json\/wp\/v2\/pages"}],"about":[{"href":"https:\/\/tics.voaxaca.tecnm.mx\/index.php\/wp-json\/wp\/v2\/types\/page"}],"author":[{"embeddable":true,"href":"https:\/\/tics.voaxaca.tecnm.mx\/index.php\/wp-json\/wp\/v2\/users\/2"}],"replies":[{"embeddable":true,"href":"https:\/\/tics.voaxaca.tecnm.mx\/index.php\/wp-json\/wp\/v2\/comments?post=584"}],"version-history":[{"count":3,"href":"https:\/\/tics.voaxaca.tecnm.mx\/index.php\/wp-json\/wp\/v2\/pages\/584\/revisions"}],"predecessor-version":[{"id":604,"href":"https:\/\/tics.voaxaca.tecnm.mx\/index.php\/wp-json\/wp\/v2\/pages\/584\/revisions\/604"}],"wp:attachment":[{"href":"https:\/\/tics.voaxaca.tecnm.mx\/index.php\/wp-json\/wp\/v2\/media?parent=584"}],"curies":[{"name":"wp","href":"https:\/\/api.w.org\/{rel}","templated":true}]}}