{"id":17,"date":"2022-04-29T15:21:25","date_gmt":"2022-04-29T15:21:25","guid":{"rendered":"https:\/\/tics.voaxaca.tecnm.mx\/?page_id=17"},"modified":"2025-03-18T22:35:39","modified_gmt":"2025-03-18T22:35:39","slug":"especialidad","status":"publish","type":"page","link":"https:\/\/tics.voaxaca.tecnm.mx\/index.php\/especialidad\/","title":{"rendered":"Especialidad"},"content":{"rendered":"\n<p><strong>Nombre de la especialidad: <\/strong>Telecomunicaciones<\/p>\n<p><strong>Clave:<\/strong> ITIE-TEL-2021-01<\/p>\n<p><strong>Vigencia:&nbsp;<\/strong>Febrero 2021 &#8211; Febrero 2025<\/p>\n<p><strong>Objetivo<\/strong><\/p>\n<p style=\"text-align: justify;\">Formar profesionales capaces de desarrollar, integrar y administrar tecnolog\u00edas de la informaci\u00f3n y comunicaciones que contribuyan a la productividad y al logro de los objetivos estrat\u00e9gicos de las organizaciones en un entorno globalizado; caracteriz\u00e1ndose por ser l\u00edderes, cr\u00edticos, competentes, \u00e9ticos y con visi\u00f3n emprendedora, comprometidos con el desarrollo sustentable.<\/p>\n<p><strong>Materias<\/strong><\/p>\n\n\n\n<table class=\"has-black-color has-text-color has-background has-fixed-layout\" style=\"height: 110px; width: 69.8879%; background-color: #b2c5ed; border-color: #e4e5eb; border-style: double;\">\n<tbody>\n<tr style=\"height: 95px; background-color: #ede4f5;\">\n<td style=\"width: 11.0429%; height: 17px;\">\n<p>TED2101<\/p>\n<\/td>\n<td class=\"has-text-align-left\" style=\"height: 17px; width: 44.8276%;\" data-align=\"left\">\n<p><a href=\"https:\/\/tics.voaxaca.tecnm.mx\/wp-content\/uploads\/2024\/01\/TED2101-Redes-Opticas.pdf\">Redes \u00d3pticas<\/a><\/p>\n<\/td>\n<td class=\"has-text-align-center\" style=\"height: 17px; width: 18.8471%;\" data-align=\"center\">\n<p>Obligatoria<\/p>\n<\/td>\n<td class=\"has-text-align-center\" style=\"height: 17px; width: 15.4147%;\" data-align=\"center\">\n<p>5<\/p>\n<\/td>\n<\/tr>\n<tr style=\"height: 32px; background-color: #aacdf0;\">\n<td style=\"width: 11.0429%; height: 22px;\">\n<p>TED2102<\/p>\n<\/td>\n<td class=\"has-text-align-left\" style=\"height: 22px; width: 44.8276%;\" data-align=\"left\">\n<p><a href=\"https:\/\/tics.voaxaca.tecnm.mx\/wp-content\/uploads\/2024\/01\/TED2102-Microondas-y-Satelites.pdf\">Microondas y Sat\u00e9lites<\/a><\/p>\n<\/td>\n<td class=\"has-text-align-center\" style=\"height: 22px; width: 18.8471%;\" data-align=\"center\">\n<p>Obligatoria<\/p>\n<\/td>\n<td class=\"has-text-align-center\" style=\"height: 22px; width: 15.4147%;\" data-align=\"center\">\n<p>5<\/p>\n<\/td>\n<\/tr>\n<tr style=\"height: 32px; background-color: #ede4f5;\">\n<td style=\"width: 11.0429%; height: 11px;\">\n<p>TED2105<\/p>\n<\/td>\n<td class=\"has-text-align-left\" style=\"height: 11px; width: 44.8276%;\" data-align=\"left\">\n<p><a href=\"https:\/\/tics.voaxaca.tecnm.mx\/wp-content\/uploads\/2024\/01\/TED2105-Virtualizacion-de-Funciones-de-Red.pdf\">Virtualizaci\u00f3n de Funciones de Red<\/a><\/p>\n<\/td>\n<td class=\"has-text-align-center\" style=\"height: 11px; width: 18.8471%;\" data-align=\"center\">\n<p>Optativa<\/p>\n<\/td>\n<td class=\"has-text-align-center\" style=\"height: 11px; width: 15.4147%;\" data-align=\"center\">&nbsp;<\/td>\n<\/tr>\n<tr style=\"height: 32px; background-color: #aacdf0;\">\n<td style=\"width: 11.0429%; height: 16px;\">\n<p>TED2106<\/p>\n<\/td>\n<td class=\"has-text-align-left\" style=\"height: 16px; width: 44.8276%;\" data-align=\"left\">\n<p><a href=\"https:\/\/tics.voaxaca.tecnm.mx\/wp-content\/uploads\/2024\/01\/TED2106-Redes-Definidas-por-Software.pdf\">Redes Definidas por Software<\/a><\/p>\n<\/td>\n<td class=\"has-text-align-center\" style=\"height: 16px; width: 18.8471%;\" data-align=\"center\">\n<p>Optativa<\/p>\n<\/td>\n<td class=\"has-text-align-center\" style=\"text-align: center; height: 16px; width: 15.4147%;\" data-align=\"center\">&nbsp;<\/td>\n<\/tr>\n<tr style=\"height: 32px; background-color: #ede4f5;\">\n<td style=\"width: 11.0429%; height: 16px;\">\n<p>TEF2103<\/p>\n<\/td>\n<td class=\"has-text-align-left\" style=\"height: 16px; width: 44.8276%;\" data-align=\"left\">\n<p><a href=\"https:\/\/tics.voaxaca.tecnm.mx\/wp-content\/uploads\/2024\/01\/TEF2103-Administracion-de-Proyectos-de-Tecnologia.pdf\">Administraci\u00f3n de Proyectos de Tecnolog\u00eda<\/a><\/p>\n<\/td>\n<td class=\"has-text-align-center\" style=\"height: 16px; width: 18.8471%;\" data-align=\"center\">\n<p>Obligatoria<\/p>\n<\/td>\n<td class=\"has-text-align-center\" style=\"height: 16px; width: 15.4147%;\" data-align=\"center\">\n<p>5<\/p>\n<\/td>\n<\/tr>\n<tr style=\"height: 63px; background-color: #aacdf0;\">\n<td style=\"width: 11.0429%; height: 18px;\">\n<p>TEF2104<\/p>\n<\/td>\n<td class=\"has-text-align-left\" style=\"height: 18px; width: 44.8276%;\" data-align=\"left\">\n<p><a href=\"https:\/\/tics.voaxaca.tecnm.mx\/wp-content\/uploads\/2024\/01\/TEF2104-Legislacion-en-Tecnologias-de-Informacion-y-Telecomunicaciones.pdf\">Legislaci\u00f3n en Tecnolog\u00edas de Informaci\u00f3n y Telecomunicaciones<\/a><\/p>\n<\/td>\n<td class=\"has-text-align-center\" style=\"height: 18px; width: 18.8471%;\" data-align=\"center\">\n<p>Obligatoria<\/p>\n<\/td>\n<td class=\"has-text-align-center\" style=\"height: 18px; width: 15.4147%;\" data-align=\"center\">5<\/td>\n<\/tr>\n<tr style=\"height: 32px; background-color: #ede4f5;\">\n<td style=\"width: 11.0429%; height: 10px;\">&nbsp;<\/td>\n<td class=\"has-text-align-left\" style=\"height: 10px; width: 44.8276%;\" data-align=\"left\">&nbsp;<\/td>\n<td class=\"has-text-align-center\" style=\"height: 10px; width: 18.8471%;\" data-align=\"center\">\n<p><span class=\"tadv-color\" style=\"color: #276717;\">Total de cr\u00e9ditos <\/span><\/p>\n<\/td>\n<td class=\"has-text-align-center\" style=\"height: 10px; width: 15.4147%;\" data-align=\"center\">25<\/td>\n<\/tr>\n<\/tbody>\n<\/table>\n<p>&nbsp;<\/p>\n<p><strong>Perfil de egreso<\/strong><\/p>\n<p style=\"text-align: justify;\">Administra proyectos que involucren Tecnolog\u00edas de la Informaci\u00f3n y Comunicaciones para el logro de los objetivos organizacionales conforme a requerimientos establecidos.<\/p>\n<p><strong>Aportaci\u00f3n al perfil de egreso<\/strong><\/p>\n<ol>\n<li style=\"text-align: justify;\">Dise\u00f1a. implementa y administra redes de c\u00f3mputo y comunicaciones para satisfacer las necesidades de las organizaciones, con base en modelos y est\u00e1ndares internacionales.<\/li>\n<li style=\"text-align: justify;\">Integra soluciones de sistemas de comunicaci\u00f3n con diferentes tecnolog\u00edas, plataformas o dispositivo.<\/li>\n<\/ol>\n<p>&nbsp;<\/p>\n<p>&nbsp;<\/p>\n<p>&nbsp;<\/p>\n<p>&nbsp;<\/p>\n\n\n\n<p><strong>Nombre de la especialidad: Redes y Telecomunicaciones<\/strong><\/p>\n<p><strong>Clave:<\/strong> ITIE-RTE-2025-01<\/p>\n<p><strong>Vigencia: <\/strong>Enero 2025 &#8211; Enero 2028<\/p>\n<p><strong>Objetivo<\/strong><\/p>\n<p style=\"text-align: justify;\">El ingeniero en Tecnolog\u00edas de la Informaci\u00f3n y Comunicaciones, especializado en Redes y Telecomunicaciones, se caracteriza por su capacidad para dise\u00f1ar, implementar y gestionar infraestructuras de red seguras y eficientes, con habilidades para el manejo de alta capacidad de transmisi\u00f3n de datos y su experiencia en proyectos de telecomunicaciones con lo cual garantiza una adecuada planificaci\u00f3n y ejecuci\u00f3n de soluciones tecnol\u00f3gicas. Asegurando que sus pr\u00e1cticas se encuentren alineadas con normativas vigentes que contribuyan as\u00ed a un desarrollo sostenible y responsable en el sector.<\/p>\n<p><strong>Materias<\/strong><\/p>\n\n\n\n<p>\u00a0<\/p>\n<table class=\"has-black-color has-text-color has-background has-fixed-layout\" style=\"height: 112px; width: 71.5546%; background-color: #b2c5ed; border-color: #e4e5eb; border-style: double;\">\n<tbody>\n<tr style=\"height: 95px; background-color: #ede4f5;\">\n<td style=\"width: 12.7067%; height: 17px;\">\n<p>RTB-2501<\/p>\n<\/td>\n<td class=\"has-text-align-left\" style=\"height: 17px; width: 43.1638%;\" data-align=\"left\">\n<p><a href=\"https:\/\/tics.voaxaca.tecnm.mx\/wp-content\/uploads\/2025\/02\/RTB2501-Ciberseguridad-en-telecomunicaciones.pdf\">Ciberseguridad en Telecomunicaciones\u00a0<\/a>\u00a0<\/p>\n<\/td>\n<td class=\"has-text-align-center\" style=\"height: 17px; width: 18.8471%;\" data-align=\"center\">\n<p>Obligatoria<\/p>\n<\/td>\n<td class=\"has-text-align-center\" style=\"height: 17px; width: 17.8795%;\" data-align=\"center\">\n<p>5<\/p>\n<\/td>\n<\/tr>\n<tr style=\"height: 32px; background-color: #aacdf0;\">\n<td style=\"width: 12.7067%; height: 22px;\">RTD-2502<\/td>\n<td class=\"has-text-align-left\" style=\"height: 22px; width: 43.1638%;\" data-align=\"left\"><a href=\"https:\/\/tics.voaxaca.tecnm.mx\/wp-content\/uploads\/2025\/02\/RTD2502-Redes-definidas-por-software-3.pdf\">Redes Definidas por Software\u00a0<\/a><\/td>\n<td class=\"has-text-align-center\" style=\"height: 22px; width: 18.8471%;\" data-align=\"center\">\n<p>Obligatoria<\/p>\n<\/td>\n<td class=\"has-text-align-center\" style=\"height: 22px; width: 17.8795%;\" data-align=\"center\">\n<p>5<\/p>\n<\/td>\n<\/tr>\n<tr style=\"height: 32px; background-color: #ede4f5;\">\n<td style=\"width: 12.7067%; height: 11px;\">\n<p>RTD-2503<\/p>\n<\/td>\n<td class=\"has-text-align-left\" style=\"height: 11px; width: 43.1638%;\" data-align=\"left\">\n<p><a href=\"https:\/\/tics.voaxaca.tecnm.mx\/wp-content\/uploads\/2025\/02\/RTD2503-Redes-De-Fibra-Optica.pdf\">Redes de Fibra Optica\u00a0<\/a><\/p>\n<\/td>\n<td class=\"has-text-align-center\" style=\"height: 11px; width: 18.8471%;\" data-align=\"center\">\n<p>obligatoria\u00a0<\/p>\n<\/td>\n<td class=\"has-text-align-center\" style=\"height: 11px; width: 17.8795%;\" data-align=\"center\">5<\/td>\n<\/tr>\n<tr style=\"height: 32px; background-color: #ede4f5;\">\n<td style=\"width: 12.7067%; height: 16px;\">\n<p>RTF-2504<\/p>\n<\/td>\n<td class=\"has-text-align-left\" style=\"height: 16px; width: 43.1638%;\" data-align=\"left\"><a href=\"https:\/\/tics.voaxaca.tecnm.mx\/wp-content\/uploads\/2025\/02\/RTF2504-Administracion-de-Proyectos-de-Telecomunicaciones.pdf\">Administraci\u00f3n de proyectos de telecomunicaciones\u00a0<\/a><\/td>\n<td class=\"has-text-align-center\" style=\"height: 16px; width: 18.8471%;\" data-align=\"center\">\n<p>obligatoria\u00a0<\/p>\n<\/td>\n<td class=\"has-text-align-center\" style=\"text-align: center; height: 16px; width: 17.8795%;\" data-align=\"center\">5<\/td>\n<\/tr>\n<tr style=\"height: 63px; background-color: #aacdf0;\">\n<td style=\"width: 12.7067%; height: 18px;\">\n<p>RTL-2505<\/p>\n<\/td>\n<td class=\"has-text-align-left\" style=\"height: 18px; width: 43.1638%;\" data-align=\"left\"><a href=\"https:\/\/tics.voaxaca.tecnm.mx\/wp-content\/uploads\/2025\/02\/RTL2505-Marco-Legal-de-Tecnologias-de-la-Informacion-y-Telecomunicaciones.pdf\">Marco Legal de las Tecnolog\u00edas de la Informaci\u00f3n y Telecomunicaciones<\/a><\/td>\n<td class=\"has-text-align-center\" style=\"height: 18px; width: 18.8471%;\" data-align=\"center\">\n<p>Obligatoria<\/p>\n<\/td>\n<td class=\"has-text-align-center\" style=\"height: 18px; width: 17.8795%;\" data-align=\"center\">\n<p>5<\/p>\n<\/td>\n<\/tr>\n<tr style=\"height: 63px; background-color: #aacdf0;\">\n<td style=\"width: 12.7067%; height: 18px;\">\u00a0<\/td>\n<td class=\"has-text-align-left\" style=\"height: 18px; width: 43.1638%;\" data-align=\"left\">\u00a0<\/td>\n<td class=\"has-text-align-center\" style=\"height: 18px; width: 18.8471%;\" data-align=\"center\">\u00a0<\/td>\n<td class=\"has-text-align-center\" style=\"height: 18px; width: 17.8795%;\" data-align=\"center\">\u00a0<\/td>\n<\/tr>\n<tr style=\"height: 32px; background-color: #ede4f5;\">\n<td style=\"width: 12.7067%; height: 10px;\">\u00a0<\/td>\n<td class=\"has-text-align-left\" style=\"height: 10px; width: 43.1638%;\" data-align=\"left\">\u00a0<\/td>\n<td class=\"has-text-align-center\" style=\"height: 10px; width: 18.8471%;\" data-align=\"center\">\n<p><span class=\"tadv-color\" style=\"color: #276717;\">Total de cr\u00e9ditos <\/span><\/p>\n<\/td>\n<td class=\"has-text-align-center\" style=\"height: 10px; width: 17.8795%;\" data-align=\"center\">25<\/td>\n<\/tr>\n<\/tbody>\n<\/table>\n<p>\u00a0<\/p>\n<p><strong>Perfil de egreso<\/strong><\/p>\n<p>Administra proyectos que involucren Redes y Telecomunicaciones\u00a0 para el logro de los objetivos organizacionales conforme a requerimientos establecidos.<\/p>\n<p><strong>Aportaci\u00f3n al perfil de egreso<\/strong><\/p>\n<p>Planea, dise\u00f1a e implementa redes de telecomunicaciones que cumplan con el marco regulatorio nacional\u00a0\u00a0 y con los est\u00e1ndares internacionales utilizando\u00a0\u00a0 metodolog\u00edas apropiadas, para establecer acciones de mejora e innovaci\u00f3n en los sistemas de redes y telecomunicaciones en las organizaciones.<\/p>\n<p>\u00a0<\/p>\n<p>\u00a0<\/p>\n<p>\u00a0<\/p>\n<p>\u00a0<\/p>\n\n\n\n<p><\/p>\n","protected":false},"excerpt":{"rendered":"<p>Nombre de la especialidad: Telecomunicaciones Clave: ITIE-TEL-2021-01 Vigencia:&nbsp;Febrero 2021 &#8211; Febrero 2025 Objetivo Formar profesionales capaces de desarrollar, integrar y administrar tecnolog\u00edas de la informaci\u00f3n y comunicaciones que contribuyan a [&hellip;]<\/p>\n","protected":false},"author":2,"featured_media":0,"parent":0,"menu_order":0,"comment_status":"closed","ping_status":"closed","template":"template-fullwidth.php","meta":{"footnotes":""},"class_list":["post-17","page","type-page","status-publish","hentry"],"_links":{"self":[{"href":"https:\/\/tics.voaxaca.tecnm.mx\/index.php\/wp-json\/wp\/v2\/pages\/17","targetHints":{"allow":["GET"]}}],"collection":[{"href":"https:\/\/tics.voaxaca.tecnm.mx\/index.php\/wp-json\/wp\/v2\/pages"}],"about":[{"href":"https:\/\/tics.voaxaca.tecnm.mx\/index.php\/wp-json\/wp\/v2\/types\/page"}],"author":[{"embeddable":true,"href":"https:\/\/tics.voaxaca.tecnm.mx\/index.php\/wp-json\/wp\/v2\/users\/2"}],"replies":[{"embeddable":true,"href":"https:\/\/tics.voaxaca.tecnm.mx\/index.php\/wp-json\/wp\/v2\/comments?post=17"}],"version-history":[{"count":45,"href":"https:\/\/tics.voaxaca.tecnm.mx\/index.php\/wp-json\/wp\/v2\/pages\/17\/revisions"}],"predecessor-version":[{"id":555,"href":"https:\/\/tics.voaxaca.tecnm.mx\/index.php\/wp-json\/wp\/v2\/pages\/17\/revisions\/555"}],"wp:attachment":[{"href":"https:\/\/tics.voaxaca.tecnm.mx\/index.php\/wp-json\/wp\/v2\/media?parent=17"}],"curies":[{"name":"wp","href":"https:\/\/api.w.org\/{rel}","templated":true}]}}