{"id":16,"date":"2022-04-29T15:21:10","date_gmt":"2022-04-29T15:21:10","guid":{"rendered":"https:\/\/tics.voaxaca.tecnm.mx\/?page_id=16"},"modified":"2024-08-15T20:06:14","modified_gmt":"2024-08-15T20:06:14","slug":"tecnologias-de-la-informacion-y-comunicaciones","status":"publish","type":"page","link":"https:\/\/tics.voaxaca.tecnm.mx\/","title":{"rendered":"Ingenier\u00eda en Tecnolog\u00edas de la Informaci\u00f3n y Comunicaciones"},"content":{"rendered":"<div class=\"n2_clear\"><ss3-force-full-width data-overflow-x=\"body\" data-horizontal-selector=\"body\"><div class=\"n2-section-smartslider fitvidsignore  n2_clear\" data-ssid=\"2\"><div id=\"n2-ss-2-align\" class=\"n2-ss-align\"><div class=\"n2-padding\"><div id=\"n2-ss-2\" data-creator=\"Smart Slider 3\" data-responsive=\"fullwidth\" class=\"n2-ss-slider n2-ow n2-has-hover n2notransition  \">\n        <div class=\"n2-ss-slider-1 n2_ss__touch_element n2-ow\">\n            <div class=\"n2-ss-slider-2 n2-ow\">\n                                                    <div class=\"n2-ss-background-animation n2-ow\"><\/div>\n                                <div class=\"n2-ss-slider-3 n2-ow\">\n\n                    <div class=\"n2-ss-slide-backgrounds n2-ow-all\"><div class=\"n2-ss-slide-background\" data-public-id=\"1\" data-mode=\"fill\"><div class=\"n2-ss-slide-background-image\" data-blur=\"0\" data-opacity=\"40\" data-x=\"58\" data-y=\"60\" data-alt=\"\" data-title=\"\" style=\"opacity:0.4;--ss-o-pos-x:58%;--ss-o-pos-y:60%\"><picture class=\"skip-lazy\" data-skip-lazy=\"1\"><img decoding=\"async\" src=\"\/\/smartslider3.com\/wp-content\/uploads\/slider402\/media2.jpg\" alt=\"\" title=\"\" loading=\"lazy\" class=\"skip-lazy\" data-skip-lazy=\"1\"><\/picture><\/div><div data-color=\"RGBA(0,0,0,1)\" style=\"background-color: RGBA(0,0,0,1);\" class=\"n2-ss-slide-background-color\"><\/div><\/div><\/div>                    <div class=\"n2-ss-slider-4 n2-ow\">\n                        <svg xmlns=\"http:\/\/www.w3.org\/2000\/svg\" viewBox=\"0 0 700 400\" data-related-device=\"desktopPortrait\" class=\"n2-ow n2-ss-preserve-size n2-ss-preserve-size--slider n2-ss-slide-limiter\"><\/svg><div data-first=\"1\" data-slide-duration=\"0\" data-id=\"17\" data-slide-public-id=\"1\" data-title=\"Superposici\u00f3n est\u00e1tica\" class=\"n2-ss-slide n2-ow  n2-ss-slide-17\"><div role=\"note\" class=\"n2-ss-slide--focus\" tabindex=\"-1\">Superposici\u00f3n est\u00e1tica<\/div><div class=\"n2-ss-layers-container n2-ss-slide-limiter n2-ow\"><div class=\"n2-ss-layer n2-ow n-uc-6hdnk1DNrl4f\" data-sstype=\"slide\" data-pm=\"default\"><div class=\"n2-ss-layer n2-ow n-uc-15ad4d59f5752\" data-pm=\"default\" data-sstype=\"content\" data-hasbackground=\"0\"><div class=\"n2-ss-section-main-content n2-ss-layer-with-background n2-ss-layer-content n2-ow n-uc-15ad4d59f5752-inner\"><div class=\"n2-ss-layer n2-ow n-uc-CRgk4PcwVrsm\" data-pm=\"normal\" data-sstype=\"layer\"><div id=\"n2-ss-2item1\" class=\"n2-font-d0dd8546aea8c689dc91d6ac8c07cc14-hover   n2-ss-item-content n2-ss-text n2-ow\" style=\"display:block;\">Ingenier\u00eda en Tecnolog\u00edas de la Informaci\u00f3n y Comunicaciones<\/div><\/div><div class=\"n2-ss-layer n2-ow n2-ss-layer--block n2-ss-has-self-align n-uc-17f373e7cf313\" data-pm=\"normal\" data-sstype=\"row\"><div class=\"n2-ss-layer-row n2-ss-layer-with-background n-uc-17f373e7cf313-inner\"><div class=\"n2-ss-layer-row-inner \"><div class=\"n2-ss-layer n2-ow n-uc-133228aaf1f88\" data-pm=\"default\" data-sstype=\"col\"><div class=\"n2-ss-layer-col n2-ss-layer-with-background n2-ss-layer-content n-uc-133228aaf1f88-inner\"><div class=\"n2-ss-layer n2-ow n-uc-khJR8QcTBBT9\" data-pm=\"normal\" data-sstype=\"layer\"><div class=\" n2-ss-item-image-content n2-ss-item-content n2-ow-all\"><img loading=\"lazy\" decoding=\"async\" id=\"n2-ss-2item2\" alt=\"\" class=\"skip-lazy\" width=\"1600\" height=\"1274\" data-skip-lazy=\"1\" src=\"\/\/tics.voaxaca.tecnm.mx\/wp-content\/uploads\/2024\/01\/Triptico-TIC\u00b4S-1.jpeg\" \/><\/div><\/div><\/div><\/div><div class=\"n2-ss-layer n2-ow n-uc-1fc07f825a47d\" data-pm=\"default\" data-sstype=\"col\"><div class=\"n2-ss-layer-col n2-ss-layer-with-background n2-ss-layer-content n-uc-1fc07f825a47d-inner\"><div class=\"n2-ss-layer n2-ow n-uc-J4sOK3Nknhw2\" data-pm=\"normal\" data-sstype=\"layer\"><div class=\" n2-ss-item-image-content n2-ss-item-content n2-ow-all\"><img loading=\"lazy\" decoding=\"async\" id=\"n2-ss-2item3\" alt=\"\" class=\"skip-lazy\" width=\"1600\" height=\"1297\" data-skip-lazy=\"1\" src=\"\/\/tics.voaxaca.tecnm.mx\/wp-content\/uploads\/2024\/01\/Triptico-1.jpeg\" \/><\/div><\/div><\/div><\/div><\/div><\/div><\/div><\/div><\/div><\/div><\/div><\/div>                    <\/div>\n\n                                    <\/div>\n            <\/div>\n        <\/div>\n        <\/div><ss3-loader><\/ss3-loader><\/div><\/div><div class=\"n2_clear\"><\/div><\/div><\/ss3-force-full-width><\/div>\n\n\n<h5><strong>Objetivo de la Carrera<\/strong>\u00a0<\/h5>\n\n\n\n<p style=\"text-align: justify;\">Formar profesionistas capaces de integrar y administrar sistemas de informaci\u00f3n y telecomunicaciones que contribuyan a la productividad y al logro de los objetivos estrat\u00e9gicos de las organizaciones en un entorno globalizado; caracteriz\u00e1ndose por ser l\u00edderes, cr\u00edticos, competentes, \u00e9ticos y con visi\u00f3n emprendedora, comprometidos con el desarrollo sustentable.<\/p>\n\n\n\n<h5><strong>Visi\u00f3n<\/strong><\/h5>\n\n\n\n<p style=\"text-align: justify;\">Ser el mejor programa acad\u00e9mico en Tecnolog\u00edas de la Informaci\u00f3n y Comunicaciones, con reconocimiento a nivel estatal y nacional, permitiendo que los egresados tengan un alto impacto en el mercado laboral, ofreciendo soluciones innovadoras e integrales de una manera sustentable respecto a las necesidades regionales y globales de investigaci\u00f3n cient\u00edfica y de desarrollo tecnol\u00f3gico.<\/p>\n\n\n\n<h5><strong>Misi\u00f3n&nbsp;<\/strong><\/h5>\n\n\n\n<p style=\"text-align: justify;\">Formar profesionales en el \u00e1rea de Tecnolog\u00edas de la Informaci\u00f3n y Comunicaciones bajo un modelo educativo vanguardista, con los conocimientos, habilidades cient\u00edficas y tecnol\u00f3gicas, con una orientaci\u00f3n humanista, con s\u00f3lidos valores \u00e9ticos y morales; capaces de investigar e innovar para dar soluci\u00f3n con calidad y sustentabilidad a las necesidades del entorno.<\/p>\n\n\n<h5><strong>Perfil de Ingreso<\/strong><\/h5>\n<ul>\n<li>Tener gusto e inter\u00e9s por la administraci\u00f3n y el uso de nuevas tecnolog\u00edas<\/li>\n<li>Poseer conocimientos b\u00e1sicos en el manejo de software de aplicaci\u00f3n y de equipo de c\u00f3mputo<\/li>\n<li>Tener capacidad de abstracci\u00f3n<\/li>\n<li>Disponibilidad de tiempo completo para realizar los estudios de licenciatura<\/li>\n<li>Capacidad de lectura, escritura y expresi\u00f3n oral<\/li>\n<li>Capacidad de an\u00e1lisis y s\u00edntesis<\/li>\n<li>Constancia en el alcance de metas propuestas<\/li>\n<\/ul>\n\n\n<h5><strong>Perfil de Egreso&nbsp;<\/strong><\/h5>\n\n\n\n<p style=\"text-align: justify;\">El egresado de la carrera de Ingenier\u00eda en Tecnolog\u00edas de la Informaci\u00f3n y Comunicaciones tendr\u00e1 las competencias para analizar, dise\u00f1ar e implementar soluciones de software y de sistemas de telecomunicaciones, a trav\u00e9s de la aplicaci\u00f3n de lenguajes de programaci\u00f3n, bases de datos, dise\u00f1o de interfaces, circuitos electr\u00f3nicos, redes de computadoras, enlaces de telecomunicaciones, utilizando metodolog\u00edas y est\u00e1ndares, observando aspectos legales, \u00e9ticos, sociales y de desarrollo sustentable.<\/p>\n\n\n\n<p><\/p>\n","protected":false},"excerpt":{"rendered":"<p>Objetivo de la Carrera\u00a0 Formar profesionistas capaces de integrar y administrar sistemas de informaci\u00f3n y telecomunicaciones que contribuyan a la productividad y al logro de los objetivos estrat\u00e9gicos de las [&hellip;]<\/p>\n","protected":false},"author":2,"featured_media":0,"parent":0,"menu_order":0,"comment_status":"closed","ping_status":"closed","template":"template-fullwidth.php","meta":{"footnotes":""},"class_list":["post-16","page","type-page","status-publish","hentry"],"_links":{"self":[{"href":"https:\/\/tics.voaxaca.tecnm.mx\/index.php\/wp-json\/wp\/v2\/pages\/16","targetHints":{"allow":["GET"]}}],"collection":[{"href":"https:\/\/tics.voaxaca.tecnm.mx\/index.php\/wp-json\/wp\/v2\/pages"}],"about":[{"href":"https:\/\/tics.voaxaca.tecnm.mx\/index.php\/wp-json\/wp\/v2\/types\/page"}],"author":[{"embeddable":true,"href":"https:\/\/tics.voaxaca.tecnm.mx\/index.php\/wp-json\/wp\/v2\/users\/2"}],"replies":[{"embeddable":true,"href":"https:\/\/tics.voaxaca.tecnm.mx\/index.php\/wp-json\/wp\/v2\/comments?post=16"}],"version-history":[{"count":27,"href":"https:\/\/tics.voaxaca.tecnm.mx\/index.php\/wp-json\/wp\/v2\/pages\/16\/revisions"}],"predecessor-version":[{"id":375,"href":"https:\/\/tics.voaxaca.tecnm.mx\/index.php\/wp-json\/wp\/v2\/pages\/16\/revisions\/375"}],"wp:attachment":[{"href":"https:\/\/tics.voaxaca.tecnm.mx\/index.php\/wp-json\/wp\/v2\/media?parent=16"}],"curies":[{"name":"wp","href":"https:\/\/api.w.org\/{rel}","templated":true}]}}